{"id":913,"date":"2025-06-17T08:14:42","date_gmt":"2025-06-17T08:14:42","guid":{"rendered":"https:\/\/gemcioglu.com\/?page_id=913"},"modified":"2026-04-29T18:06:10","modified_gmt":"2026-04-29T18:06:10","slug":"sym-adx-125cc","status":"publish","type":"page","link":"https:\/\/gemcioglu.com\/index.php\/sym-adx-125cc\/","title":{"rendered":"Sym Adx 125cc"},"content":{"rendered":"\n<p><\/p>\n\n\n\n<p>A1 S\u0131n\u0131f\u0131 S\u00fcr\u00fcc\u00fc Belgesi \u0130le Kullan\u0131l\u0131r-Benzinli Motosiklet-Vites \u015eekli Otomatik.<\/p>\n\n\n\n<figure class=\"wp-block-image size-large\"><img loading=\"lazy\" decoding=\"async\" width=\"1024\" height=\"513\" src=\"https:\/\/gemcioglu.com\/wp-content\/uploads\/2025\/10\/sym_adx_125cc0-1024x513.jpg\" alt=\"\" class=\"wp-image-3101\" srcset=\"https:\/\/gemcioglu.com\/wp-content\/uploads\/2025\/10\/sym_adx_125cc0-1024x513.jpg 1024w, https:\/\/gemcioglu.com\/wp-content\/uploads\/2025\/10\/sym_adx_125cc0-300x150.jpg 300w, https:\/\/gemcioglu.com\/wp-content\/uploads\/2025\/10\/sym_adx_125cc0-768x385.jpg 768w, https:\/\/gemcioglu.com\/wp-content\/uploads\/2025\/10\/sym_adx_125cc0.jpg 1386w\" sizes=\"auto, (max-width: 1024px) 100vw, 1024px\" \/><\/figure>\n\n\n\n<figure class=\"wp-block-table\"><table class=\"has-fixed-layout\"><tbody><tr><td class=\"has-text-align-center\" data-align=\"center\"><strong>1.Se\u00e7enek<\/strong><br><br>Sym Adx 125cc Euro5-2024&nbsp;Model S\u0131f\u0131r Km.<br><strong>Bu Motosiklete&nbsp;Senetli Sat\u0131\u015f \u0130mkan\u0131yla Sahip Olmak \u0130sterseniz Fiyat\u0131:&nbsp;219.000,00\u20ba<\/strong><br><strong>\u00d6deyece\u011finiz Pe\u015finat: 61.500,00\u20ba<\/strong><br>Kalan 157.500,00\u20ba Si&nbsp;<strong>9 Taksit<\/strong>&nbsp;Olup Ayl\u0131k \u00d6deme 17.500,00\u20ba Taksitle<br>Plaka Tescil Masraf\u0131 ve zorunlu trafik sigortas\u0131 al\u0131c\u0131ya ait.Kargomuz Yok.<br><strong>Bu Se\u00e7enekte Motosiklet Kalan Bor\u00e7 Tutar\u0131 Kadar Rehinli Teslim Edilir.<\/strong><br>Motosikletin&nbsp;Teslimat\u0131 Hafta \u0130\u00e7i Mesai Saatlerinde Ayn\u0131 G\u00fcn.<br>Motosikletin&nbsp;Taksitlerini Banka Hesab\u0131m\u0131za \u00d6dersiniz.<br>Motosikletin&nbsp;Taksitlerinin Tamam\u0131n\u0131 \u00d6dedi\u011finizde Rehin Kald\u0131r\u0131l\u0131r.<br>\u2014\u2014\u2014\u2014\u2014\u2014\u2014\u2014\u2014\u2014\u2014\u2014\u2014\u2014\u2014\u2014\u2014\u2014\u2014<br><strong><em>!!! \u00d6NEML\u0130 NOT !!!<\/em><\/strong><br>18 Ya\u015f\u0131n\u0131 Doldurmu\u015fsan\u0131z (Re\u015fitseniz) \u00dczerinize Haciz \u0130cra Takibi Yoksa,Devletimize Vergi Borcunuz Yoksa, Emekli De\u011filseniz<br>\u0130nternet Web Sitemizde Bulunan Be\u011fendi\u011finiz Motosikletin Pe\u015finat\u0131 \u0130le K.Mara\u015f Ma\u011fazam\u0131za Gelip Banka Kredisiz, Kredi Karts\u0131z,Taksitli Motosiklet Sat\u0131n Alabilirsiniz.<br>BU SE\u00c7ENEKTE MOTOS\u0130KLET KALAN BOR\u00c7 TUTARI KADAR REH\u0130NL\u0130 TESL\u0130M ED\u0130L\u0130R.<br>Kargomuz Yok , \u015eehir D\u0131\u015f\u0131ndaysan\u0131z Motosikleti Terminalden Otob\u00fcs Ba\u011faj\u0131nda da G\u00f6t\u00fcrebilirsiniz.<br>Motosikletin Taksitlerini Banka Hesab\u0131m\u0131za \u00d6dersiniz.<\/td><\/tr><tr><td class=\"has-text-align-center\" data-align=\"center\"><strong>2.Se\u00e7enek<\/strong><br><br>Sym Adx 125cc Euro5-2024&nbsp;Model S\u0131f\u0131r Km.<br><strong>bu Motosikleti Kredi Kart\u0131n\u0131zla Sat\u0131n Almak \u0130sterseniz Fiyat\u0131:&nbsp;219.000,00\u20ba<\/strong><br><strong>\u00d6deyece\u011finiz Pe\u015finat: 18.600,00\u20ba<\/strong><br>Kalan 200.400,00\u20ba Si&nbsp;<strong>12 Taksit<\/strong>&nbsp;Olup Ayl\u0131k \u00d6deme 16.700,00\u20ba Taksitle<br>Plaka Tescil Masraf\u0131 ve zorunlu trafik sigortas\u0131 al\u0131c\u0131ya ait.Kargomuz Yok.<br>Motosikletin Teslimat\u0131 Mesai Saatlerinde Ayn\u0131 G\u00fcn.<\/td><\/tr><\/tbody><\/table><\/figure>\n\n\n\n<div class=\"wp-block-columns alignwide is-layout-flex wp-container-core-columns-is-layout-28f84493 wp-block-columns-is-layout-flex\">\n<div class=\"wp-block-column is-layout-flow wp-block-column-is-layout-flow\" style=\"flex-basis:100%\">\n<div class=\"wp-block-group has-global-padding is-layout-constrained wp-block-group-is-layout-constrained\">\n<!DOCTYPE html>\n<html lang=\"tr\">\n<head>\n    <meta charset=\"UTF-8\">\n    <title>Taksit Hesaplama<\/title>\n    <style>\n        body {\n            font-family: \"Segoe UI\", sans-serif;\n            background-color: #f4f4f4;\n        }\n\n        table {\n            width: 80%;\n            max-width: 800px;\n            margin: 30px auto;\n            border-collapse: collapse;\n            background-color: #fff;\n            box-shadow: 0 0 10px rgba(0,0,0,0.1);\n        }\n\n        th, td {\n            padding: 12px;\n            border: 1px solid #ccc;\n            vertical-align: middle;\n            text-align: left;\n        }\n\n        th {\n            background-color: #000;\n            color: #fff;\n        }\n\n        select, input[type=\"text\"], input[type=\"button\"] {\n            width: 100%;\n            padding: 8px;\n            margin: 5px 0;\n            font-size: 14px;\n        }\n\n        .center {\n            text-align: center;\n        }\n\n        .highlight {\n            background-color:rgb(107, 15, 165);\n            color: #fff;\n            font-weight: bold;\n        }\n\n        .hidden {\n            display: none;\n        }\n    <\/style>\n<\/head>\n<body>\n    <form name=\"taksit\">\n        <table>\n            <tr>\n                <th colspan=\"2\" class=\"center\">\n                    <strong>F\u0130YAT TEKL\u0130F\u0130 OLU\u015eTURMA MEN\u00dcS\u00dc<\/strong>\n                <\/th>\n            <\/tr>\n            <tr>\n                <td><strong>MOTOS\u0130KLET\u0130N MARKA MODEL\u0130:<\/strong><\/td>\n                <td>\n                    <select id=\"urun\" onchange=\"update()\">\n                        <option value=\"187000\">Sym Adx 125cc Euro5-2024\u00a0Model S\u0131f\u0131r Km.\n\n\n<\/option>\n                    <\/select>\n                <\/td>\n            <\/tr>\n            <tr>\n                <td><strong>MOTOS\u0130KLET\u0130N PE\u015e\u0130N F\u0130YATI (TL):<\/strong><\/td>\n                <td><input type=\"text\" id=\"value\" name=\"fiyat\" disabled style=\"width:90%\" \/><\/td>\n            <\/tr>\n            <tr>\n                <td><strong>\u00d6DEYECE\u011e\u0130N\u0130Z PE\u015e\u0130NAT (TL):<\/strong><\/td>\n                <td>\n                    <select name=\"pesin\">                  \n                        <option value=\"65000\">65000<\/option>\n                        <option value=\"70000\">70000<\/option>\n                        <option value=\"75000\">75000<\/option>\n                        <option value=\"80000\">80000<\/option>\n                        <option value=\"85000\">85000<\/option>\n                        <option value=\"95000\">95000<\/option>\n                        <option value=\"100000\">100000<\/option>\n                    <\/select>\n                <\/td>\n            <\/tr>\n\n            <!-- Gizli alanlar -->\n            <tr class=\"hidden\">\n                <td><input type=\"text\" name=\"kalan\" disabled \/><\/td>\n                <td><input type=\"text\" name=\"vade\" value=\"60\" \/><\/td>\n            <\/tr>\n\n            <tr>\n                <td><strong>TOPLAM \u00d6DEYECE\u011e\u0130N\u0130Z TAKS\u0130T:<\/strong><\/td>\n                <td>\n                    <select name=\"sayi\">\n                        <option value=\"0\">Taksit Se\u00e7imini Yap\u0131n<\/option>\n                        <option value=\"1\">1 AY TAKS\u0130T<\/option>\n                        <option value=\"2\">2 AY TAKS\u0130T<\/option>\n                        <option value=\"3\">3 AY TAKS\u0130T<\/option>\n                        <option value=\"4\">4 AY TAKS\u0130T<\/option>\n                        <option value=\"5\">5 AY TAKS\u0130T<\/option>\n                        <option value=\"6\">6 AY TAKS\u0130T<\/option>\n                        <option value=\"7\">7 AY TAKS\u0130T<\/option>\n                        <option value=\"8\">8 AY TAKS\u0130T<\/option>\n                        <option value=\"9\">9 AY TAKS\u0130T<\/option>\n                        <option value=\"10\">10 AY TAKS\u0130T<\/option>\n                        <option value=\"11\">11 AY TAKS\u0130T<\/option>\n                        <option value=\"12\">12 AY TAKS\u0130T<\/option>\n                        <option value=\"13\">13 AY TAKS\u0130T<\/option>\n                        <option value=\"14\">14 AY TAKS\u0130T<\/option>\n                    <\/select>\n                <\/td>\n            <\/tr>\n            <tr>\n                <td><strong>AYLIK TAKS\u0130T TUTARI (TL):<\/strong><\/td>\n                <td><input type=\"text\" name=\"payment\" disabled style=\"width:90%\" \/><\/td>\n            <\/tr>\n            <tr>\n                <td><strong>MOTOS\u0130KLET\u0130N BU SE\u00c7ENEKTEK\u0130 F\u0130YATI (TL):<\/strong><\/td>\n                <td><input type=\"text\" name=\"toplam\" class=\"highlight\" disabled  style=\"width:90%\"\/><\/td>\n            <\/tr>\n            <tr>\n                <td colspan=\"2\" class=\"center\">\n                    <input type=\"button\" value=\"Fiyat Teklifini Olu\u015ftur\" onclick=\"calculate();\" \/>\n                <\/td>\n            <\/tr>\n        <\/table>\n    <\/form>\n<\/body>\n<script type=\"text\/javascript\">\n\t\tfunction update() {\n\t\t\tvar select = document.getElementById('urun');\n\t\t\tvar option = select.options[select.selectedIndex];\n\n\t\t\tdocument.getElementById('value').value = option.value;\n\n\t\t}\n\n\t\tupdate();\n\t<\/script>\n\t<script type=\"text\/javascript\">\n\t\tfunction update() {\n\t\t\tvar select = document.getElementById(\"urun\");\n\t\t\tvar option = select.options[select.selectedIndex];\n\t\t\tdocument.getElementById(\"value\").value = option.value; \/\/ ARACIN PE\u015e\u0130N F\u0130YATINI g\u00fcncelle\n\t\t\tcalculate(); \/\/ Pe\u015fin fiyat\u0131 g\u00fcncellendi\u011finde hesaplama yap\n\t\t}\n\n\t\tfunction calculate() {\n\t\t\tvar fiyat = parseFloat(document.getElementById(\"value\").value) || 0;\n\t\t\tvar pesin = parseFloat(document.taksit.pesin.value) || 0;\n\t\t\tvar kalan = fiyat - pesin;\n\t\t\tvar vade = parseFloat(document.taksit.vade.value) \/ 100 \/ 12;\n\t\t\tvar payments = parseInt(document.taksit.sayi.value, 10);\n\n\t\t\tvar x = Math.pow(1 + vade, payments);\n\t\t\tvar monthly = (kalan * x * vade) \/ (x - 1);\n\n\t\t\tif (!isNaN(monthly) && isFinite(monthly)) {\n\t\t\t\tdocument.taksit.payment.value = round(monthly); \/\/ AYLIK TAKS\u0130T TUTARI g\u00fcncelle\n\t\t\t\tvar totalPayment = round(monthly * payments); \/\/ TOPLAM \u00d6DEME hesapla\n\t\t\t\tvar totalAmount = round(totalPayment + pesin); \/\/ TOPLAM TUTAR hesapla\n\t\t\t\tdocument.taksit.toplam.value = totalAmount; \/\/ TOPLAM TUTAR alan\u0131n\u0131 g\u00fcncelle\n\t\t\t} else {\n\t\t\t\tdocument.taksit.payment.value = \"\"; \/\/ Hatal\u0131 giri\u015f durumunda alan\u0131 bo\u015falt\n\t\t\t\tdocument.taksit.toplam.value = \"\"; \/\/ TOPLAM TUTAR alan\u0131n\u0131 bo\u015falt\n\t\t\t}\n\t\t}\n\n\t\tfunction round(x) {\n\t\t\treturn Math.round(x * 100) \/ 100;; \/\/ Say\u0131y\u0131 iki ondal\u0131k basama\u011fa yuvarla\n\t\t}\n\t<\/script>\n<\/html>\n<\/div>\n<\/div>\n<\/div>\n","protected":false},"excerpt":{"rendered":"<p>A1 S\u0131n\u0131f\u0131 S\u00fcr\u00fcc\u00fc Belgesi \u0130le Kullan\u0131l\u0131r-Benzinli Motosiklet-Vites \u015eekli Otomatik. 1.Se\u00e7enek Sym Adx 125cc Euro5-2024&nbsp;Model S\u0131f\u0131r Km.Bu Motosiklete&nbsp;Senetli Sat\u0131\u015f \u0130mkan\u0131yla Sahip Olmak \u0130sterseniz Fiyat\u0131:&nbsp;219.000,00\u20ba\u00d6deyece\u011finiz Pe\u015finat: 61.500,00\u20baKalan 157.500,00\u20ba Si&nbsp;9 Taksit&nbsp;Olup Ayl\u0131k \u00d6deme 17.500,00\u20ba TaksitlePlaka Tescil Masraf\u0131 ve zorunlu trafik sigortas\u0131 al\u0131c\u0131ya ait.Kargomuz Yok.Bu Se\u00e7enekte Motosiklet Kalan Bor\u00e7 Tutar\u0131 Kadar Rehinli Teslim Edilir.Motosikletin&nbsp;Teslimat\u0131 Hafta \u0130\u00e7i Mesai Saatlerinde Ayn\u0131 [&hellip;]<\/p>\n","protected":false},"author":1,"featured_media":0,"parent":0,"menu_order":0,"comment_status":"closed","ping_status":"closed","template":"","meta":{"footnotes":""},"class_list":["post-913","page","type-page","status-publish","hentry"],"_links":{"self":[{"href":"https:\/\/gemcioglu.com\/index.php\/wp-json\/wp\/v2\/pages\/913","targetHints":{"allow":["GET"]}}],"collection":[{"href":"https:\/\/gemcioglu.com\/index.php\/wp-json\/wp\/v2\/pages"}],"about":[{"href":"https:\/\/gemcioglu.com\/index.php\/wp-json\/wp\/v2\/types\/page"}],"author":[{"embeddable":true,"href":"https:\/\/gemcioglu.com\/index.php\/wp-json\/wp\/v2\/users\/1"}],"replies":[{"embeddable":true,"href":"https:\/\/gemcioglu.com\/index.php\/wp-json\/wp\/v2\/comments?post=913"}],"version-history":[{"count":58,"href":"https:\/\/gemcioglu.com\/index.php\/wp-json\/wp\/v2\/pages\/913\/revisions"}],"predecessor-version":[{"id":5781,"href":"https:\/\/gemcioglu.com\/index.php\/wp-json\/wp\/v2\/pages\/913\/revisions\/5781"}],"wp:attachment":[{"href":"https:\/\/gemcioglu.com\/index.php\/wp-json\/wp\/v2\/media?parent=913"}],"curies":[{"name":"wp","href":"https:\/\/api.w.org\/{rel}","templated":true}]}}